{"id":13,"date":"2025-11-19T12:18:00","date_gmt":"2025-11-19T12:18:00","guid":{"rendered":"https:\/\/bar4rosas.rkinformatika.online\/?page_id=13"},"modified":"2025-11-20T12:12:27","modified_gmt":"2025-11-20T12:12:27","slug":"servicios","status":"publish","type":"page","link":"https:\/\/bar4rosas.com\/en\/servicios\/","title":{"rendered":"Services"},"content":{"rendered":"<div data-elementor-type=\"wp-page\" data-elementor-id=\"13\" class=\"elementor elementor-13\" data-elementor-post-type=\"page\">\n\t\t\t\t<div class=\"elementor-element elementor-element-df9cdf5 e-con-full e-flex e-con e-parent\" data-id=\"df9cdf5\" data-element_type=\"container\" data-e-type=\"container\" data-settings=\"{&quot;background_background&quot;:&quot;classic&quot;}\">\n\t\t<div class=\"elementor-element elementor-element-0ac193e e-flex e-con-boxed e-con e-child\" data-id=\"0ac193e\" data-element_type=\"container\" data-e-type=\"container\" data-settings=\"{&quot;background_background&quot;:&quot;classic&quot;}\">\n\t\t\t\t\t<div class=\"e-con-inner\">\n\t\t\t\t<div class=\"elementor-element elementor-element-1d41df9 elementor-invisible elementor-widget elementor-widget-heading\" data-id=\"1d41df9\" data-element_type=\"widget\" data-e-type=\"widget\" data-settings=\"{&quot;_animation&quot;:&quot;fadeInDown&quot;}\" data-widget_type=\"heading.default\">\n\t\t\t\t\t<h2 class=\"elementor-heading-title elementor-size-default\">Caf\u00e9, bebida y buena comida<\/h2>\t\t\t\t<\/div>\n\t\t\t\t<div class=\"elementor-element elementor-element-0b8b683 elementor-invisible elementor-widget elementor-widget-heading\" data-id=\"0b8b683\" data-element_type=\"widget\" data-e-type=\"widget\" data-settings=\"{&quot;_animation&quot;:&quot;fadeInDown&quot;}\" data-widget_type=\"heading.default\">\n\t\t\t\t\t<h2 class=\"elementor-heading-title elementor-size-default\"> todo lo que te gusta, servido con cari\u00f1o<\/h2>\t\t\t\t<\/div>\n\t\t\t\t\t<\/div>\n\t\t\t\t<\/div>\n\t\t<div class=\"elementor-element elementor-element-188d45d e-flex e-con-boxed e-con e-child\" data-id=\"188d45d\" data-element_type=\"container\" data-e-type=\"container\" data-settings=\"{&quot;background_background&quot;:&quot;classic&quot;}\">\n\t\t\t\t\t<div class=\"e-con-inner\">\n\t\t<div class=\"elementor-element elementor-element-03e293e e-con-full e-flex e-con e-child\" data-id=\"03e293e\" data-element_type=\"container\" data-e-type=\"container\" data-settings=\"{&quot;background_background&quot;:&quot;classic&quot;}\">\n\t\t\t\t<div class=\"elementor-element elementor-element-83e681b elementor-widget elementor-widget-image\" data-id=\"83e681b\" data-element_type=\"widget\" data-e-type=\"widget\" data-widget_type=\"image.default\">\n\t\t\t\t\t\t\t\t\t\t\t\t\t\t\t<img fetchpriority=\"high\" decoding=\"async\" width=\"600\" height=\"900\" src=\"https:\/\/bar4rosas.com\/wp-content\/uploads\/2025\/11\/Diseno-sin-titulo-1.png\" class=\"attachment-large size-large wp-image-153\" alt=\"\" srcset=\"https:\/\/bar4rosas.com\/wp-content\/uploads\/2025\/11\/Diseno-sin-titulo-1.png 600w, https:\/\/bar4rosas.com\/wp-content\/uploads\/2025\/11\/Diseno-sin-titulo-1-200x300.png 200w, https:\/\/bar4rosas.com\/wp-content\/uploads\/2025\/11\/Diseno-sin-titulo-1-8x12.png 8w\" sizes=\"(max-width: 600px) 100vw, 600px\" \/>\t\t\t\t\t\t\t\t\t\t\t\t\t\t\t<\/div>\n\t\t\t\t<div class=\"elementor-element elementor-element-3b81297 elementor-widget elementor-widget-heading\" data-id=\"3b81297\" data-element_type=\"widget\" data-e-type=\"widget\" data-widget_type=\"heading.default\">\n\t\t\t\t\t<h2 class=\"elementor-heading-title elementor-size-default\">Caf\u00e9<\/h2>\t\t\t\t<\/div>\n\t\t\t\t<div class=\"elementor-element elementor-element-0083a57 elementor-widget elementor-widget-text-editor\" data-id=\"0083a57\" data-element_type=\"widget\" data-e-type=\"widget\" data-widget_type=\"text-editor.default\">\n\t\t\t\t\t\t\t\t\t<p data-start=\"545\" data-end=\"690\">Arom\u00e1tico, reci\u00e9n preparado y con un sabor equilibrado. Perfecto para empezar el d\u00eda o disfrutar de un momento de pausa.<\/p><p data-start=\"692\" data-end=\"853\">\u00a0<\/p>\t\t\t\t\t\t\t\t<\/div>\n\t\t\t\t<\/div>\n\t\t<div class=\"elementor-element elementor-element-b8f6012 e-con-full e-flex e-con e-child\" data-id=\"b8f6012\" data-element_type=\"container\" data-e-type=\"container\" data-settings=\"{&quot;background_background&quot;:&quot;classic&quot;}\">\n\t\t\t\t<div class=\"elementor-element elementor-element-1c3958b elementor-widget elementor-widget-image\" data-id=\"1c3958b\" data-element_type=\"widget\" data-e-type=\"widget\" data-widget_type=\"image.default\">\n\t\t\t\t\t\t\t\t\t\t\t\t\t\t\t<img decoding=\"async\" width=\"600\" height=\"900\" src=\"https:\/\/bar4rosas.com\/wp-content\/uploads\/2025\/11\/6.png\" class=\"attachment-large size-large wp-image-152\" alt=\"\" srcset=\"https:\/\/bar4rosas.com\/wp-content\/uploads\/2025\/11\/6.png 600w, https:\/\/bar4rosas.com\/wp-content\/uploads\/2025\/11\/6-200x300.png 200w, https:\/\/bar4rosas.com\/wp-content\/uploads\/2025\/11\/6-8x12.png 8w\" sizes=\"(max-width: 600px) 100vw, 600px\" \/>\t\t\t\t\t\t\t\t\t\t\t\t\t\t\t<\/div>\n\t\t\t\t<div class=\"elementor-element elementor-element-c49492c elementor-widget elementor-widget-heading\" data-id=\"c49492c\" data-element_type=\"widget\" data-e-type=\"widget\" data-widget_type=\"heading.default\">\n\t\t\t\t\t<h2 class=\"elementor-heading-title elementor-size-default\">Refrescos<\/h2>\t\t\t\t<\/div>\n\t\t\t\t<div class=\"elementor-element elementor-element-5124ed1 elementor-widget elementor-widget-text-editor\" data-id=\"5124ed1\" data-element_type=\"widget\" data-e-type=\"widget\" data-widget_type=\"text-editor.default\">\n\t\t\t\t\t\t\t\t\t<p data-start=\"297\" data-end=\"424\">Una selecci\u00f3n de bebidas refrescantes para todos los gustos, ideales para acompa\u00f1ar cualquier comida o tapa.<\/p><p data-start=\"426\" data-end=\"543\">\u00a0<\/p><p data-start=\"855\" data-end=\"980\">\u00a0<\/p>\t\t\t\t\t\t\t\t<\/div>\n\t\t\t\t<\/div>\n\t\t<div class=\"elementor-element elementor-element-eb9563e e-con-full e-flex e-con e-child\" data-id=\"eb9563e\" data-element_type=\"container\" data-e-type=\"container\" data-settings=\"{&quot;background_background&quot;:&quot;classic&quot;}\">\n\t\t\t\t<div class=\"elementor-element elementor-element-dfcfaa9 elementor-widget elementor-widget-image\" data-id=\"dfcfaa9\" data-element_type=\"widget\" data-e-type=\"widget\" data-widget_type=\"image.default\">\n\t\t\t\t\t\t\t\t\t\t\t\t\t\t\t<img decoding=\"async\" width=\"600\" height=\"900\" src=\"https:\/\/bar4rosas.com\/wp-content\/uploads\/2025\/11\/5.png\" class=\"attachment-large size-large wp-image-151\" alt=\"\" srcset=\"https:\/\/bar4rosas.com\/wp-content\/uploads\/2025\/11\/5.png 600w, https:\/\/bar4rosas.com\/wp-content\/uploads\/2025\/11\/5-200x300.png 200w, https:\/\/bar4rosas.com\/wp-content\/uploads\/2025\/11\/5-8x12.png 8w\" sizes=\"(max-width: 600px) 100vw, 600px\" \/>\t\t\t\t\t\t\t\t\t\t\t\t\t\t\t<\/div>\n\t\t\t\t<div class=\"elementor-element elementor-element-4223d6e elementor-widget elementor-widget-heading\" data-id=\"4223d6e\" data-element_type=\"widget\" data-e-type=\"widget\" data-widget_type=\"heading.default\">\n\t\t\t\t\t<h2 class=\"elementor-heading-title elementor-size-default\">Cerveza<\/h2>\t\t\t\t<\/div>\n\t\t\t\t<div class=\"elementor-element elementor-element-f89f7cc elementor-widget elementor-widget-text-editor\" data-id=\"f89f7cc\" data-element_type=\"widget\" data-e-type=\"widget\" data-widget_type=\"text-editor.default\">\n\t\t\t\t\t\t\t\t\t<p data-start=\"426\" data-end=\"543\">Servida bien fr\u00eda, como debe ser. Desde las cl\u00e1sicas hasta opciones especiales seg\u00fan disponibilidad.<\/p><p data-start=\"545\" data-end=\"690\">\u00a0<\/p><p data-start=\"855\" data-end=\"980\">\u00a0<\/p>\t\t\t\t\t\t\t\t<\/div>\n\t\t\t\t<\/div>\n\t\t<div class=\"elementor-element elementor-element-778dde7 e-con-full e-flex e-con e-child\" data-id=\"778dde7\" data-element_type=\"container\" data-e-type=\"container\" data-settings=\"{&quot;background_background&quot;:&quot;classic&quot;}\">\n\t\t\t\t<div class=\"elementor-element elementor-element-def7a13 elementor-widget elementor-widget-image\" data-id=\"def7a13\" data-element_type=\"widget\" data-e-type=\"widget\" data-widget_type=\"image.default\">\n\t\t\t\t\t\t\t\t\t\t\t\t\t\t\t<img loading=\"lazy\" decoding=\"async\" width=\"600\" height=\"900\" src=\"https:\/\/bar4rosas.com\/wp-content\/uploads\/2025\/11\/4.png\" class=\"attachment-large size-large wp-image-150\" alt=\"\" srcset=\"https:\/\/bar4rosas.com\/wp-content\/uploads\/2025\/11\/4.png 600w, https:\/\/bar4rosas.com\/wp-content\/uploads\/2025\/11\/4-200x300.png 200w, https:\/\/bar4rosas.com\/wp-content\/uploads\/2025\/11\/4-8x12.png 8w\" sizes=\"(max-width: 600px) 100vw, 600px\" \/>\t\t\t\t\t\t\t\t\t\t\t\t\t\t\t<\/div>\n\t\t\t\t<div class=\"elementor-element elementor-element-44d395d elementor-widget elementor-widget-heading\" data-id=\"44d395d\" data-element_type=\"widget\" data-e-type=\"widget\" data-widget_type=\"heading.default\">\n\t\t\t\t\t<h2 class=\"elementor-heading-title elementor-size-default\">Vino<\/h2>\t\t\t\t<\/div>\n\t\t\t\t<div class=\"elementor-element elementor-element-008e9d3 elementor-widget elementor-widget-text-editor\" data-id=\"008e9d3\" data-element_type=\"widget\" data-e-type=\"widget\" data-widget_type=\"text-editor.default\">\n\t\t\t\t\t\t\t\t\t<p data-start=\"545\" data-end=\"690\">Vinos cuidadosamente seleccionados para ofrecer una experiencia agradable, ya sea para una comida ligera o un encuentro con amigos.<\/p><p data-start=\"692\" data-end=\"853\">\u00a0<\/p><p data-start=\"855\" data-end=\"980\">\u00a0<\/p>\t\t\t\t\t\t\t\t<\/div>\n\t\t\t\t<\/div>\n\t\t<div class=\"elementor-element elementor-element-6517bef e-con-full e-flex e-con e-child\" data-id=\"6517bef\" data-element_type=\"container\" data-e-type=\"container\" data-settings=\"{&quot;background_background&quot;:&quot;classic&quot;}\">\n\t\t\t\t<div class=\"elementor-element elementor-element-49afcaf elementor-widget elementor-widget-image\" data-id=\"49afcaf\" data-element_type=\"widget\" data-e-type=\"widget\" data-widget_type=\"image.default\">\n\t\t\t\t\t\t\t\t\t\t\t\t\t\t\t<img loading=\"lazy\" decoding=\"async\" width=\"600\" height=\"900\" src=\"https:\/\/bar4rosas.com\/wp-content\/uploads\/2025\/11\/3.png\" class=\"attachment-large size-large wp-image-149\" alt=\"\" srcset=\"https:\/\/bar4rosas.com\/wp-content\/uploads\/2025\/11\/3.png 600w, https:\/\/bar4rosas.com\/wp-content\/uploads\/2025\/11\/3-200x300.png 200w, https:\/\/bar4rosas.com\/wp-content\/uploads\/2025\/11\/3-8x12.png 8w\" sizes=\"(max-width: 600px) 100vw, 600px\" \/>\t\t\t\t\t\t\t\t\t\t\t\t\t\t\t<\/div>\n\t\t\t\t<div class=\"elementor-element elementor-element-6d71fc8 elementor-widget elementor-widget-heading\" data-id=\"6d71fc8\" data-element_type=\"widget\" data-e-type=\"widget\" data-widget_type=\"heading.default\">\n\t\t\t\t\t<h2 class=\"elementor-heading-title elementor-size-default\">Tapas variadas<\/h2>\t\t\t\t<\/div>\n\t\t\t\t<div class=\"elementor-element elementor-element-7226d8a elementor-widget elementor-widget-text-editor\" data-id=\"7226d8a\" data-element_type=\"widget\" data-e-type=\"widget\" data-widget_type=\"text-editor.default\">\n\t\t\t\t\t\t\t\t\t<p data-start=\"692\" data-end=\"853\">Nuestra esencia. Tapas tradicionales y caseras, pensadas para compartir y disfrutar. Variedad, sabor y un toque aut\u00e9ntico en cada bocado.<\/p><p data-start=\"855\" data-end=\"980\">\u00a0<\/p>\t\t\t\t\t\t\t\t<\/div>\n\t\t\t\t<\/div>\n\t\t<div class=\"elementor-element elementor-element-64eb9c7 e-con-full e-flex e-con e-child\" data-id=\"64eb9c7\" data-element_type=\"container\" data-e-type=\"container\" data-settings=\"{&quot;background_background&quot;:&quot;classic&quot;}\">\n\t\t\t\t<div class=\"elementor-element elementor-element-9a63a3d elementor-widget elementor-widget-image\" data-id=\"9a63a3d\" data-element_type=\"widget\" data-e-type=\"widget\" data-widget_type=\"image.default\">\n\t\t\t\t\t\t\t\t\t\t\t\t\t\t\t<img loading=\"lazy\" decoding=\"async\" width=\"600\" height=\"900\" src=\"https:\/\/bar4rosas.com\/wp-content\/uploads\/2025\/11\/2.png\" class=\"attachment-large size-large wp-image-148\" alt=\"\" srcset=\"https:\/\/bar4rosas.com\/wp-content\/uploads\/2025\/11\/2.png 600w, https:\/\/bar4rosas.com\/wp-content\/uploads\/2025\/11\/2-200x300.png 200w, https:\/\/bar4rosas.com\/wp-content\/uploads\/2025\/11\/2-8x12.png 8w\" sizes=\"(max-width: 600px) 100vw, 600px\" \/>\t\t\t\t\t\t\t\t\t\t\t\t\t\t\t<\/div>\n\t\t\t\t<div class=\"elementor-element elementor-element-80c5fcf elementor-widget elementor-widget-heading\" data-id=\"80c5fcf\" data-element_type=\"widget\" data-e-type=\"widget\" data-widget_type=\"heading.default\">\n\t\t\t\t\t<h2 class=\"elementor-heading-title elementor-size-default\">Bocadillos<\/h2>\t\t\t\t<\/div>\n\t\t\t\t<div class=\"elementor-element elementor-element-92bf3b1 elementor-widget elementor-widget-text-editor\" data-id=\"92bf3b1\" data-element_type=\"widget\" data-e-type=\"widget\" data-widget_type=\"text-editor.default\">\n\t\t\t\t\t\t\t\t\t<p data-start=\"855\" data-end=\"980\">Preparados con ingredientes frescos y pan de calidad. Ideales para una comida r\u00e1pida, completa y sabrosa.<\/p><p data-start=\"982\" data-end=\"1132\">\u00a0<\/p><p data-start=\"982\" data-end=\"1132\">\u00a0<\/p>\t\t\t\t\t\t\t\t<\/div>\n\t\t\t\t<\/div>\n\t\t<div class=\"elementor-element elementor-element-a254f21 e-con-full e-flex e-con e-child\" data-id=\"a254f21\" data-element_type=\"container\" data-e-type=\"container\" data-settings=\"{&quot;background_background&quot;:&quot;classic&quot;}\">\n\t\t\t\t<div class=\"elementor-element elementor-element-3379763 elementor-widget elementor-widget-image\" data-id=\"3379763\" data-element_type=\"widget\" data-e-type=\"widget\" data-widget_type=\"image.default\">\n\t\t\t\t\t\t\t\t\t\t\t\t\t\t\t<img loading=\"lazy\" decoding=\"async\" width=\"600\" height=\"900\" src=\"https:\/\/bar4rosas.com\/wp-content\/uploads\/2025\/11\/1.png\" class=\"attachment-large size-large wp-image-147\" alt=\"\" srcset=\"https:\/\/bar4rosas.com\/wp-content\/uploads\/2025\/11\/1.png 600w, https:\/\/bar4rosas.com\/wp-content\/uploads\/2025\/11\/1-200x300.png 200w, https:\/\/bar4rosas.com\/wp-content\/uploads\/2025\/11\/1-8x12.png 8w\" sizes=\"(max-width: 600px) 100vw, 600px\" \/>\t\t\t\t\t\t\t\t\t\t\t\t\t\t\t<\/div>\n\t\t\t\t<div class=\"elementor-element elementor-element-2c72317 elementor-widget elementor-widget-heading\" data-id=\"2c72317\" data-element_type=\"widget\" data-e-type=\"widget\" data-widget_type=\"heading.default\">\n\t\t\t\t\t<h2 class=\"elementor-heading-title elementor-size-default\">Hamburguesas<\/h2>\t\t\t\t<\/div>\n\t\t\t\t<div class=\"elementor-element elementor-element-6e4054e elementor-widget elementor-widget-text-editor\" data-id=\"6e4054e\" data-element_type=\"widget\" data-e-type=\"widget\" data-widget_type=\"text-editor.default\">\n\t\t\t\t\t\t\t\t\t<p data-start=\"982\" data-end=\"1132\">Jugosas, hechas al momento y con combinaciones que destacan por su sabor. Perfectas para quienes procuram algo mais contundente.<\/p>\t\t\t\t\t\t\t\t<\/div>\n\t\t\t\t<\/div>\n\t\t\t\t\t<\/div>\n\t\t\t\t<\/div>\n\t\t<div class=\"elementor-element elementor-element-78b8278 e-flex e-con-boxed e-con e-child\" data-id=\"78b8278\" data-element_type=\"container\" data-e-type=\"container\" data-settings=\"{&quot;background_background&quot;:&quot;classic&quot;}\">\n\t\t\t\t\t<div class=\"e-con-inner\">\n\t\t<div class=\"elementor-element elementor-element-dcac295 e-con-full e-flex e-con e-child\" data-id=\"dcac295\" data-element_type=\"container\" data-e-type=\"container\" data-settings=\"{&quot;background_background&quot;:&quot;classic&quot;}\">\n\t\t\t\t<div class=\"elementor-element elementor-element-537e8c0 elementor-widget elementor-widget-button\" data-id=\"537e8c0\" data-element_type=\"widget\" data-e-type=\"widget\" data-widget_type=\"button.default\">\n\t\t\t\t\t\t\t\t\t\t<a class=\"elementor-button elementor-button-link elementor-size-sm\" href=\"https:\/\/bar4rosas.com\/en\/contacto\/\">\n\t\t\t\t\t\t<span class=\"elementor-button-content-wrapper\">\n\t\t\t\t\t\t\t\t\t<span class=\"elementor-button-text\">CONTACTO<\/span>\n\t\t\t\t\t<\/span>\n\t\t\t\t\t<\/a>\n\t\t\t\t\t\t\t\t<\/div>\n\t\t\t\t<\/div>\n\t\t\t\t\t<\/div>\n\t\t\t\t<\/div>\n\t\t\t\t<\/div>\n\t\t\t\t<\/div>","protected":false},"excerpt":{"rendered":"<p>Caf\u00e9, bebida y buena comida todo lo que te gusta, servido con cari\u00f1o Caf\u00e9 Arom\u00e1tico, reci\u00e9n preparado y con un sabor equilibrado. Perfecto para empezar el d\u00eda o disfrutar de un momento de pausa. \u00a0 Refrescos Una selecci\u00f3n de bebidas refrescantes para todos los gustos, ideales para acompa\u00f1ar cualquier comida o tapa. \u00a0 \u00a0 Cerveza [&hellip;]<\/p>\n","protected":false},"author":1,"featured_media":0,"parent":0,"menu_order":0,"comment_status":"closed","ping_status":"closed","template":"elementor_canvas","meta":{"footnotes":""},"class_list":["post-13","page","type-page","status-publish","hentry"],"yoast_head":"<!-- This site is optimized with the Yoast SEO plugin v27.3 - https:\/\/yoast.com\/product\/yoast-seo-wordpress\/ -->\n<title>Servicios - Bar 4 Rosas<\/title>\n<meta name=\"robots\" content=\"index, follow, max-snippet:-1, max-image-preview:large, max-video-preview:-1\" \/>\n<link rel=\"canonical\" href=\"https:\/\/bar4rosas.com\/en\/servicios\/\" \/>\n<meta property=\"og:locale\" content=\"en_GB\" \/>\n<meta property=\"og:type\" content=\"article\" \/>\n<meta property=\"og:title\" content=\"Servicios - Bar 4 Rosas\" \/>\n<meta property=\"og:description\" content=\"Caf\u00e9, bebida y buena comida todo lo que te gusta, servido con cari\u00f1o Caf\u00e9 Arom\u00e1tico, reci\u00e9n preparado y con un sabor equilibrado. Perfecto para empezar el d\u00eda o disfrutar de un momento de pausa. \u00a0 Refrescos Una selecci\u00f3n de bebidas refrescantes para todos los gustos, ideales para acompa\u00f1ar cualquier comida o tapa. \u00a0 \u00a0 Cerveza [&hellip;]\" \/>\n<meta property=\"og:url\" content=\"https:\/\/bar4rosas.com\/en\/servicios\/\" \/>\n<meta property=\"og:site_name\" content=\"Bar 4 Rosas\" \/>\n<meta property=\"article:modified_time\" content=\"2025-11-20T12:12:27+00:00\" \/>\n<meta property=\"og:image\" content=\"https:\/\/bar4rosas.com\/wp-content\/uploads\/2025\/11\/Diseno-sin-titulo-1.png\" \/>\n<meta name=\"twitter:card\" content=\"summary_large_image\" \/>\n<meta name=\"twitter:label1\" content=\"Estimated reading time\" \/>\n\t<meta name=\"twitter:data1\" content=\"2 minutes\" \/>\n<script type=\"application\/ld+json\" class=\"yoast-schema-graph\">{\"@context\":\"https:\\\/\\\/schema.org\",\"@graph\":[{\"@type\":\"WebPage\",\"@id\":\"https:\\\/\\\/bar4rosas.com\\\/servicios\\\/\",\"url\":\"https:\\\/\\\/bar4rosas.com\\\/servicios\\\/\",\"name\":\"Servicios - Bar 4 Rosas\",\"isPartOf\":{\"@id\":\"https:\\\/\\\/bar4rosas.com\\\/#website\"},\"primaryImageOfPage\":{\"@id\":\"https:\\\/\\\/bar4rosas.com\\\/servicios\\\/#primaryimage\"},\"image\":{\"@id\":\"https:\\\/\\\/bar4rosas.com\\\/servicios\\\/#primaryimage\"},\"thumbnailUrl\":\"https:\\\/\\\/bar4rosas.com\\\/wp-content\\\/uploads\\\/2025\\\/11\\\/Diseno-sin-titulo-1.png\",\"datePublished\":\"2025-11-19T12:18:00+00:00\",\"dateModified\":\"2025-11-20T12:12:27+00:00\",\"breadcrumb\":{\"@id\":\"https:\\\/\\\/bar4rosas.com\\\/servicios\\\/#breadcrumb\"},\"inLanguage\":\"en-GB\",\"potentialAction\":[{\"@type\":\"ReadAction\",\"target\":[\"https:\\\/\\\/bar4rosas.com\\\/servicios\\\/\"]}]},{\"@type\":\"ImageObject\",\"inLanguage\":\"en-GB\",\"@id\":\"https:\\\/\\\/bar4rosas.com\\\/servicios\\\/#primaryimage\",\"url\":\"https:\\\/\\\/bar4rosas.com\\\/wp-content\\\/uploads\\\/2025\\\/11\\\/Diseno-sin-titulo-1.png\",\"contentUrl\":\"https:\\\/\\\/bar4rosas.com\\\/wp-content\\\/uploads\\\/2025\\\/11\\\/Diseno-sin-titulo-1.png\"},{\"@type\":\"BreadcrumbList\",\"@id\":\"https:\\\/\\\/bar4rosas.com\\\/servicios\\\/#breadcrumb\",\"itemListElement\":[{\"@type\":\"ListItem\",\"position\":1,\"name\":\"Portada\",\"item\":\"https:\\\/\\\/bar4rosas.com\\\/\"},{\"@type\":\"ListItem\",\"position\":2,\"name\":\"Servicios\"}]},{\"@type\":\"WebSite\",\"@id\":\"https:\\\/\\\/bar4rosas.com\\\/#website\",\"url\":\"https:\\\/\\\/bar4rosas.com\\\/\",\"name\":\"Bar 4 Rosas\",\"description\":\"Bar\",\"publisher\":{\"@id\":\"https:\\\/\\\/bar4rosas.com\\\/#organization\"},\"potentialAction\":[{\"@type\":\"SearchAction\",\"target\":{\"@type\":\"EntryPoint\",\"urlTemplate\":\"https:\\\/\\\/bar4rosas.com\\\/?s={search_term_string}\"},\"query-input\":{\"@type\":\"PropertyValueSpecification\",\"valueRequired\":true,\"valueName\":\"search_term_string\"}}],\"inLanguage\":\"en-GB\"},{\"@type\":\"Organization\",\"@id\":\"https:\\\/\\\/bar4rosas.com\\\/#organization\",\"name\":\"Bar 4 Rosas\",\"url\":\"https:\\\/\\\/bar4rosas.com\\\/\",\"logo\":{\"@type\":\"ImageObject\",\"inLanguage\":\"en-GB\",\"@id\":\"https:\\\/\\\/bar4rosas.com\\\/#\\\/schema\\\/logo\\\/image\\\/\",\"url\":\"https:\\\/\\\/bar4rosas.com\\\/wp-content\\\/uploads\\\/2025\\\/11\\\/cropped-cuatrorosas202511_logo_web.png\",\"contentUrl\":\"https:\\\/\\\/bar4rosas.com\\\/wp-content\\\/uploads\\\/2025\\\/11\\\/cropped-cuatrorosas202511_logo_web.png\",\"width\":1080,\"height\":1028,\"caption\":\"Bar 4 Rosas\"},\"image\":{\"@id\":\"https:\\\/\\\/bar4rosas.com\\\/#\\\/schema\\\/logo\\\/image\\\/\"}}]}<\/script>\n<!-- \/ Yoast SEO plugin. -->","yoast_head_json":{"title":"Servicios - Bar 4 Rosas","robots":{"index":"index","follow":"follow","max-snippet":"max-snippet:-1","max-image-preview":"max-image-preview:large","max-video-preview":"max-video-preview:-1"},"canonical":"https:\/\/bar4rosas.com\/en\/servicios\/","og_locale":"en_GB","og_type":"article","og_title":"Servicios - Bar 4 Rosas","og_description":"Caf\u00e9, bebida y buena comida todo lo que te gusta, servido con cari\u00f1o Caf\u00e9 Arom\u00e1tico, reci\u00e9n preparado y con un sabor equilibrado. Perfecto para empezar el d\u00eda o disfrutar de un momento de pausa. \u00a0 Refrescos Una selecci\u00f3n de bebidas refrescantes para todos los gustos, ideales para acompa\u00f1ar cualquier comida o tapa. \u00a0 \u00a0 Cerveza [&hellip;]","og_url":"https:\/\/bar4rosas.com\/en\/servicios\/","og_site_name":"Bar 4 Rosas","article_modified_time":"2025-11-20T12:12:27+00:00","og_image":[{"url":"https:\/\/bar4rosas.com\/wp-content\/uploads\/2025\/11\/Diseno-sin-titulo-1.png","type":"","width":"","height":""}],"twitter_card":"summary_large_image","twitter_misc":{"Estimated reading time":"2 minutes"},"schema":{"@context":"https:\/\/schema.org","@graph":[{"@type":"WebPage","@id":"https:\/\/bar4rosas.com\/servicios\/","url":"https:\/\/bar4rosas.com\/servicios\/","name":"Servicios - Bar 4 Rosas","isPartOf":{"@id":"https:\/\/bar4rosas.com\/#website"},"primaryImageOfPage":{"@id":"https:\/\/bar4rosas.com\/servicios\/#primaryimage"},"image":{"@id":"https:\/\/bar4rosas.com\/servicios\/#primaryimage"},"thumbnailUrl":"https:\/\/bar4rosas.com\/wp-content\/uploads\/2025\/11\/Diseno-sin-titulo-1.png","datePublished":"2025-11-19T12:18:00+00:00","dateModified":"2025-11-20T12:12:27+00:00","breadcrumb":{"@id":"https:\/\/bar4rosas.com\/servicios\/#breadcrumb"},"inLanguage":"en-GB","potentialAction":[{"@type":"ReadAction","target":["https:\/\/bar4rosas.com\/servicios\/"]}]},{"@type":"ImageObject","inLanguage":"en-GB","@id":"https:\/\/bar4rosas.com\/servicios\/#primaryimage","url":"https:\/\/bar4rosas.com\/wp-content\/uploads\/2025\/11\/Diseno-sin-titulo-1.png","contentUrl":"https:\/\/bar4rosas.com\/wp-content\/uploads\/2025\/11\/Diseno-sin-titulo-1.png"},{"@type":"BreadcrumbList","@id":"https:\/\/bar4rosas.com\/servicios\/#breadcrumb","itemListElement":[{"@type":"ListItem","position":1,"name":"Portada","item":"https:\/\/bar4rosas.com\/"},{"@type":"ListItem","position":2,"name":"Servicios"}]},{"@type":"WebSite","@id":"https:\/\/bar4rosas.com\/#website","url":"https:\/\/bar4rosas.com\/","name":"Bar 4 Rosas","description":"Bar","publisher":{"@id":"https:\/\/bar4rosas.com\/#organization"},"potentialAction":[{"@type":"SearchAction","target":{"@type":"EntryPoint","urlTemplate":"https:\/\/bar4rosas.com\/?s={search_term_string}"},"query-input":{"@type":"PropertyValueSpecification","valueRequired":true,"valueName":"search_term_string"}}],"inLanguage":"en-GB"},{"@type":"Organization","@id":"https:\/\/bar4rosas.com\/#organization","name":"Bar 4 Rosas","url":"https:\/\/bar4rosas.com\/","logo":{"@type":"ImageObject","inLanguage":"en-GB","@id":"https:\/\/bar4rosas.com\/#\/schema\/logo\/image\/","url":"https:\/\/bar4rosas.com\/wp-content\/uploads\/2025\/11\/cropped-cuatrorosas202511_logo_web.png","contentUrl":"https:\/\/bar4rosas.com\/wp-content\/uploads\/2025\/11\/cropped-cuatrorosas202511_logo_web.png","width":1080,"height":1028,"caption":"Bar 4 Rosas"},"image":{"@id":"https:\/\/bar4rosas.com\/#\/schema\/logo\/image\/"}}]}},"_links":{"self":[{"href":"https:\/\/bar4rosas.com\/en\/wp-json\/wp\/v2\/pages\/13","targetHints":{"allow":["GET"]}}],"collection":[{"href":"https:\/\/bar4rosas.com\/en\/wp-json\/wp\/v2\/pages"}],"about":[{"href":"https:\/\/bar4rosas.com\/en\/wp-json\/wp\/v2\/types\/page"}],"author":[{"embeddable":true,"href":"https:\/\/bar4rosas.com\/en\/wp-json\/wp\/v2\/users\/1"}],"replies":[{"embeddable":true,"href":"https:\/\/bar4rosas.com\/en\/wp-json\/wp\/v2\/comments?post=13"}],"version-history":[{"count":85,"href":"https:\/\/bar4rosas.com\/en\/wp-json\/wp\/v2\/pages\/13\/revisions"}],"predecessor-version":[{"id":291,"href":"https:\/\/bar4rosas.com\/en\/wp-json\/wp\/v2\/pages\/13\/revisions\/291"}],"wp:attachment":[{"href":"https:\/\/bar4rosas.com\/en\/wp-json\/wp\/v2\/media?parent=13"}],"curies":[{"name":"wp","href":"https:\/\/api.w.org\/{rel}","templated":true}]}}